{"id":2773,"date":"2025-04-30T12:00:01","date_gmt":"2025-04-30T10:00:01","guid":{"rendered":"https:\/\/lucianoguesthouse.com\/apartamento-luciano-sunset\/"},"modified":"2025-05-27T11:46:58","modified_gmt":"2025-05-27T09:46:58","slug":"apartamento-luciano-sunset","status":"publish","type":"page","link":"https:\/\/lucianoguesthouse.com\/es\/apartamento-luciano-sunset\/","title":{"rendered":"Apartamento Luciano Sunset"},"content":{"rendered":"<p><div class=\"fusion-fullwidth fullwidth-box fusion-builder-row-1 fusion-flex-container has-pattern-background has-mask-background nonhundred-percent-fullwidth non-hundred-percent-height-scrolling\" style=\"--awb-border-radius-top-left:0px;--awb-border-radius-top-right:0px;--awb-border-radius-bottom-right:0px;--awb-border-radius-bottom-left:0px;--awb-padding-top:80px;--awb-background-color:#006b6b;--awb-flex-wrap:wrap;\" ><div class=\"fusion-builder-row fusion-row fusion-flex-align-items-center fusion-flex-justify-content-center fusion-flex-content-wrap\" style=\"max-width:1248px;margin-left: calc(-4% \/ 2 );margin-right: calc(-4% \/ 2 );\"><div class=\"fusion-layout-column fusion_builder_column fusion-builder-column-0 fusion-flex-column fusion-flex-align-self-flex-start fusion-animated\" style=\"--awb-padding-bottom:20px;--awb-bg-size:cover;--awb-width-large:46%;--awb-margin-top-large:0px;--awb-spacing-right-large:4.1739130434783%;--awb-margin-bottom-large:0px;--awb-spacing-left-large:4.1739130434783%;--awb-width-medium:46%;--awb-order-medium:0;--awb-spacing-right-medium:4.1739130434783%;--awb-spacing-left-medium:4.1739130434783%;--awb-width-small:100%;--awb-order-small:2;--awb-spacing-right-small:1.92%;--awb-spacing-left-small:1.92%;--awb-animation-color:#333378;\" data-animationType=\"revealInLeft\" data-animationDuration=\"1.5\" data-animationDelay=\"0.5\" data-animationOffset=\"top-into-view\"><div class=\"fusion-column-wrapper fusion-column-has-shadow fusion-flex-justify-content-space-between fusion-content-layout-column\"><div class=\"fusion-title title fusion-title-1 fusion-sep-none fusion-title-text fusion-title-size-one\" style=\"--awb-text-color:#ffffff;--awb-font-size:44px;\"><h1 class=\"fusion-title-heading title-heading-left\" style=\"font-family:&quot;Manrope&quot;;font-style:normal;font-weight:700;margin:0;font-size:1em;letter-spacing:var(--awb-typography1-letter-spacing);text-transform:capitalize;line-height:1.3;\">Apartamento Luciano Sunset<\/h1><\/div><div class=\"fusion-text fusion-text-1\" style=\"--awb-font-size:21px;--awb-line-height:1.2;--awb-letter-spacing:var(--awb-typography2-letter-spacing);--awb-text-transform:var(--awb-typography2-text-transform);--awb-text-color:#ffffff;--awb-text-font-family:&quot;Manrope&quot;;--awb-text-font-style:normal;--awb-text-font-weight:500;\"><div>\n<p style=\"text-align: center;\">El Apartamento Luciano Sunset goza de una buena ubicaci\u00f3n en Lido di Ostia, a s\u00f3lo 1,5 km de la playa de Ostia Lido. El piso dispone de un c\u00f3modo balc\u00f3n y est\u00e1 muy cerca de algunas de las principales atracciones de la zona: a 20 km del Parque de Atracciones Zoomarine y de la estaci\u00f3n de metro EUR Magliana, que conecta f\u00e1cilmente con el centro de Roma. <\/p>\n<\/div>\n<\/div><ul style=\"--awb-margin-bottom:45px;--awb-iconcolor:rgba(80,80,231,1);--awb-textcolor:#ffffff;--awb-line-height:27.2px;--awb-icon-width:27.2px;--awb-icon-height:27.2px;--awb-icon-margin:11.2px;--awb-content-margin:38.4px;\" class=\"fusion-checklist fusion-checklist-1 fusion-checklist-default type-icons\"><li class=\"fusion-li-item\" style=\"\"><span class=\"icon-wrapper circle-no\"><i class=\"fusion-li-icon hosting-template-plus\" aria-hidden=\"true\"><\/i><\/span><div class=\"fusion-li-item-content\">\n<p style=\"text-align: center;\">Aire acondicionado<\/p>\n<\/div><\/li><li class=\"fusion-li-item\" style=\"\"><span class=\"icon-wrapper circle-no\"><i class=\"fusion-li-icon hosting-template-plus\" aria-hidden=\"true\"><\/i><\/span><div class=\"fusion-li-item-content\">\n<p style=\"text-align: center;\">Wi-fi<\/p>\n<\/div><\/li><li class=\"fusion-li-item\" style=\"\"><span class=\"icon-wrapper circle-no\"><i class=\"fusion-li-icon hosting-template-plus\" aria-hidden=\"true\"><\/i><\/span><div class=\"fusion-li-item-content\">\n<p style=\"text-align: center;\">TV<\/p>\n<\/div><\/li><li class=\"fusion-li-item\" style=\"\"><span class=\"icon-wrapper circle-no\"><i class=\"fusion-li-icon hosting-template-plus\" aria-hidden=\"true\"><\/i><\/span><div class=\"fusion-li-item-content\">\n<p style=\"text-align: center;\">Kit de cortes\u00eda<\/p>\n<\/div><\/li><\/ul><\/div><\/div><div class=\"fusion-layout-column fusion_builder_column fusion-builder-column-1 fusion-flex-column\" style=\"--awb-bg-size:cover;--awb-width-large:50%;--awb-margin-top-large:0px;--awb-spacing-right-large:3.84%;--awb-margin-bottom-large:0px;--awb-spacing-left-large:3.84%;--awb-width-medium:50%;--awb-order-medium:0;--awb-spacing-right-medium:3.84%;--awb-spacing-left-medium:3.84%;--awb-width-small:100%;--awb-order-small:1;--awb-spacing-right-small:1.92%;--awb-margin-bottom-small:50px;--awb-spacing-left-small:1.92%;\"><div class=\"fusion-column-wrapper fusion-column-has-shadow fusion-flex-justify-content-flex-start fusion-content-layout-column\"><div class=\"fusion-slider-sc\"><div class=\"fusion-flexslider-loading flexslider flexslider-hover-type-none\" data-slideshow_autoplay=\"1\" data-slideshow_smooth_height=\"0\" data-slideshow_speed=\"3850\" style=\"max-width:100%;height:100%;\"><ul class=\"slides\"><li class=\"image\"><span class=\"fusion-image-hover-element hover-type-none\"><img data-recalc-dims=\"1\" decoding=\"async\" src=\"https:\/\/i0.wp.com\/lucianoguesthouse.com\/wp-content\/uploads\/2025\/05\/Ostia_VialedelBono_HD25.jpg?resize=300%2C200&#038;ssl=1\" width=\"300\" height=\"200\" class=\"wp-image-2681\" srcset=\"https:\/\/i0.wp.com\/lucianoguesthouse.com\/wp-content\/uploads\/2025\/05\/Ostia_VialedelBono_HD25-scaled.jpg?resize=200%2C133&amp;ssl=1 200w, https:\/\/i0.wp.com\/lucianoguesthouse.com\/wp-content\/uploads\/2025\/05\/Ostia_VialedelBono_HD25-scaled.jpg?resize=300%2C200&amp;ssl=1 300w, https:\/\/i0.wp.com\/lucianoguesthouse.com\/wp-content\/uploads\/2025\/05\/Ostia_VialedelBono_HD25-scaled.jpg?resize=400%2C267&amp;ssl=1 400w, https:\/\/i0.wp.com\/lucianoguesthouse.com\/wp-content\/uploads\/2025\/05\/Ostia_VialedelBono_HD25-scaled.jpg?resize=600%2C400&amp;ssl=1 600w, https:\/\/i0.wp.com\/lucianoguesthouse.com\/wp-content\/uploads\/2025\/05\/Ostia_VialedelBono_HD25-scaled.jpg?resize=768%2C512&amp;ssl=1 768w, https:\/\/i0.wp.com\/lucianoguesthouse.com\/wp-content\/uploads\/2025\/05\/Ostia_VialedelBono_HD25-scaled.jpg?resize=800%2C533&amp;ssl=1 800w, https:\/\/i0.wp.com\/lucianoguesthouse.com\/wp-content\/uploads\/2025\/05\/Ostia_VialedelBono_HD25-scaled.jpg?resize=1200%2C800&amp;ssl=1 1200w, https:\/\/i0.wp.com\/lucianoguesthouse.com\/wp-content\/uploads\/2025\/05\/Ostia_VialedelBono_HD25-scaled.jpg?resize=1536%2C1024&amp;ssl=1 1536w, https:\/\/i0.wp.com\/lucianoguesthouse.com\/wp-content\/uploads\/2025\/05\/Ostia_VialedelBono_HD25-scaled.jpg?w=2400&amp;ssl=1 2400w\" sizes=\"(max-width: 640px) 100vw, 600px\" \/><\/span><\/li><li class=\"image\"><span class=\"fusion-image-hover-element hover-type-none\"><img data-recalc-dims=\"1\" decoding=\"async\" src=\"https:\/\/i0.wp.com\/lucianoguesthouse.com\/wp-content\/uploads\/2025\/05\/Ostia_VialedelBono_HD5.jpg?resize=300%2C200&#038;ssl=1\" width=\"300\" height=\"200\" class=\"wp-image-2712\" srcset=\"https:\/\/i0.wp.com\/lucianoguesthouse.com\/wp-content\/uploads\/2025\/05\/Ostia_VialedelBono_HD5-scaled.jpg?resize=200%2C133&amp;ssl=1 200w, https:\/\/i0.wp.com\/lucianoguesthouse.com\/wp-content\/uploads\/2025\/05\/Ostia_VialedelBono_HD5-scaled.jpg?resize=300%2C200&amp;ssl=1 300w, https:\/\/i0.wp.com\/lucianoguesthouse.com\/wp-content\/uploads\/2025\/05\/Ostia_VialedelBono_HD5-scaled.jpg?resize=400%2C267&amp;ssl=1 400w, https:\/\/i0.wp.com\/lucianoguesthouse.com\/wp-content\/uploads\/2025\/05\/Ostia_VialedelBono_HD5-scaled.jpg?resize=600%2C400&amp;ssl=1 600w, https:\/\/i0.wp.com\/lucianoguesthouse.com\/wp-content\/uploads\/2025\/05\/Ostia_VialedelBono_HD5-scaled.jpg?resize=768%2C512&amp;ssl=1 768w, https:\/\/i0.wp.com\/lucianoguesthouse.com\/wp-content\/uploads\/2025\/05\/Ostia_VialedelBono_HD5-scaled.jpg?resize=800%2C533&amp;ssl=1 800w, https:\/\/i0.wp.com\/lucianoguesthouse.com\/wp-content\/uploads\/2025\/05\/Ostia_VialedelBono_HD5-scaled.jpg?resize=1200%2C800&amp;ssl=1 1200w, https:\/\/i0.wp.com\/lucianoguesthouse.com\/wp-content\/uploads\/2025\/05\/Ostia_VialedelBono_HD5-scaled.jpg?resize=1536%2C1024&amp;ssl=1 1536w, https:\/\/i0.wp.com\/lucianoguesthouse.com\/wp-content\/uploads\/2025\/05\/Ostia_VialedelBono_HD5-scaled.jpg?w=2400&amp;ssl=1 2400w\" sizes=\"(max-width: 640px) 100vw, 600px\" \/><\/span><\/li><li class=\"image\"><span class=\"fusion-image-hover-element hover-type-none\"><img data-recalc-dims=\"1\" decoding=\"async\" src=\"https:\/\/i0.wp.com\/lucianoguesthouse.com\/wp-content\/uploads\/2025\/05\/Ostia_VialedelBono_HD4.jpg?resize=300%2C200&#038;ssl=1\" width=\"300\" height=\"200\" class=\"wp-image-2715\" srcset=\"https:\/\/i0.wp.com\/lucianoguesthouse.com\/wp-content\/uploads\/2025\/05\/Ostia_VialedelBono_HD4-scaled.jpg?resize=200%2C133&amp;ssl=1 200w, https:\/\/i0.wp.com\/lucianoguesthouse.com\/wp-content\/uploads\/2025\/05\/Ostia_VialedelBono_HD4-scaled.jpg?resize=300%2C200&amp;ssl=1 300w, https:\/\/i0.wp.com\/lucianoguesthouse.com\/wp-content\/uploads\/2025\/05\/Ostia_VialedelBono_HD4-scaled.jpg?resize=400%2C267&amp;ssl=1 400w, https:\/\/i0.wp.com\/lucianoguesthouse.com\/wp-content\/uploads\/2025\/05\/Ostia_VialedelBono_HD4-scaled.jpg?resize=600%2C400&amp;ssl=1 600w, https:\/\/i0.wp.com\/lucianoguesthouse.com\/wp-content\/uploads\/2025\/05\/Ostia_VialedelBono_HD4-scaled.jpg?resize=768%2C512&amp;ssl=1 768w, https:\/\/i0.wp.com\/lucianoguesthouse.com\/wp-content\/uploads\/2025\/05\/Ostia_VialedelBono_HD4-scaled.jpg?resize=800%2C533&amp;ssl=1 800w, https:\/\/i0.wp.com\/lucianoguesthouse.com\/wp-content\/uploads\/2025\/05\/Ostia_VialedelBono_HD4-scaled.jpg?resize=1200%2C800&amp;ssl=1 1200w, https:\/\/i0.wp.com\/lucianoguesthouse.com\/wp-content\/uploads\/2025\/05\/Ostia_VialedelBono_HD4-scaled.jpg?resize=1536%2C1024&amp;ssl=1 1536w, https:\/\/i0.wp.com\/lucianoguesthouse.com\/wp-content\/uploads\/2025\/05\/Ostia_VialedelBono_HD4-scaled.jpg?w=2400&amp;ssl=1 2400w\" sizes=\"(max-width: 640px) 100vw, 600px\" \/><\/span><\/li><li class=\"image\"><span class=\"fusion-image-hover-element hover-type-none\"><img data-recalc-dims=\"1\" decoding=\"async\" src=\"https:\/\/i0.wp.com\/lucianoguesthouse.com\/wp-content\/uploads\/2025\/05\/Ostia_VialedelBono_HD29.jpg?resize=300%2C200&#038;ssl=1\" width=\"300\" height=\"200\" class=\"wp-image-2718\" srcset=\"https:\/\/i0.wp.com\/lucianoguesthouse.com\/wp-content\/uploads\/2025\/05\/Ostia_VialedelBono_HD29-scaled.jpg?resize=200%2C133&amp;ssl=1 200w, https:\/\/i0.wp.com\/lucianoguesthouse.com\/wp-content\/uploads\/2025\/05\/Ostia_VialedelBono_HD29-scaled.jpg?resize=300%2C200&amp;ssl=1 300w, https:\/\/i0.wp.com\/lucianoguesthouse.com\/wp-content\/uploads\/2025\/05\/Ostia_VialedelBono_HD29-scaled.jpg?resize=400%2C267&amp;ssl=1 400w, https:\/\/i0.wp.com\/lucianoguesthouse.com\/wp-content\/uploads\/2025\/05\/Ostia_VialedelBono_HD29-scaled.jpg?resize=600%2C400&amp;ssl=1 600w, https:\/\/i0.wp.com\/lucianoguesthouse.com\/wp-content\/uploads\/2025\/05\/Ostia_VialedelBono_HD29-scaled.jpg?resize=768%2C512&amp;ssl=1 768w, https:\/\/i0.wp.com\/lucianoguesthouse.com\/wp-content\/uploads\/2025\/05\/Ostia_VialedelBono_HD29-scaled.jpg?resize=800%2C533&amp;ssl=1 800w, https:\/\/i0.wp.com\/lucianoguesthouse.com\/wp-content\/uploads\/2025\/05\/Ostia_VialedelBono_HD29-scaled.jpg?resize=1200%2C800&amp;ssl=1 1200w, https:\/\/i0.wp.com\/lucianoguesthouse.com\/wp-content\/uploads\/2025\/05\/Ostia_VialedelBono_HD29-scaled.jpg?resize=1536%2C1024&amp;ssl=1 1536w, https:\/\/i0.wp.com\/lucianoguesthouse.com\/wp-content\/uploads\/2025\/05\/Ostia_VialedelBono_HD29-scaled.jpg?w=2400&amp;ssl=1 2400w\" sizes=\"(max-width: 640px) 100vw, 600px\" \/><\/span><\/li><\/ul><\/div><\/div><\/div><\/div><\/div><\/div><div class=\"fusion-fullwidth fullwidth-box fusion-builder-row-2 fusion-flex-container has-pattern-background has-mask-background nonhundred-percent-fullwidth non-hundred-percent-height-scrolling\" style=\"--awb-border-radius-top-left:0px;--awb-border-radius-top-right:0px;--awb-border-radius-bottom-right:0px;--awb-border-radius-bottom-left:0px;--awb-flex-wrap:wrap;\" ><div class=\"fusion-builder-row fusion-row fusion-flex-align-items-flex-start fusion-flex-content-wrap\" style=\"max-width:1248px;margin-left: calc(-4% \/ 2 );margin-right: calc(-4% \/ 2 );\"><div class=\"fusion-layout-column fusion_builder_column fusion-builder-column-2 fusion_builder_column_1_1 1_1 fusion-flex-column\" style=\"--awb-bg-size:cover;--awb-width-large:100%;--awb-margin-top-large:0px;--awb-spacing-right-large:1.92%;--awb-margin-bottom-large:20px;--awb-spacing-left-large:1.92%;--awb-width-medium:100%;--awb-order-medium:0;--awb-spacing-right-medium:1.92%;--awb-spacing-left-medium:1.92%;--awb-width-small:100%;--awb-order-small:0;--awb-spacing-right-small:1.92%;--awb-spacing-left-small:1.92%;\"><div class=\"fusion-column-wrapper fusion-column-has-shadow fusion-flex-justify-content-flex-start fusion-content-layout-column\"><div class=\"fusion-text fusion-text-2\" style=\"--awb-font-size:60px;--awb-text-transform:capitalize;--awb-text-font-family:&quot;Poppins&quot;;--awb-text-font-style:normal;--awb-text-font-weight:400;\"><p style=\"text-align: center;\"><strong><span style=\"\">D\u00f3nde estamos<\/span><\/strong><\/p>\n<\/div><div class=\"fusion-text fusion-text-3\" style=\"--awb-font-size:60px;--awb-text-transform:capitalize;--awb-text-font-family:&quot;Poppins&quot;;--awb-text-font-style:normal;--awb-text-font-weight:400;\"><p style=\"text-align: center;\"><strong><span style=\"\">Comprobar disponibilidad<\/span><\/strong><\/p>\n<\/div><\/div><\/div><\/div><\/div><div class=\"fusion-fullwidth fullwidth-box fusion-builder-row-3 fusion-flex-container has-pattern-background has-mask-background nonhundred-percent-fullwidth non-hundred-percent-height-scrolling\" style=\"--awb-border-radius-top-left:0px;--awb-border-radius-top-right:0px;--awb-border-radius-bottom-right:0px;--awb-border-radius-bottom-left:0px;--awb-flex-wrap:wrap;\" ><div class=\"fusion-builder-row fusion-row fusion-flex-align-items-flex-start fusion-flex-content-wrap\" style=\"max-width:1248px;margin-left: calc(-4% \/ 2 );margin-right: calc(-4% \/ 2 );\"><div class=\"fusion-layout-column fusion_builder_column fusion-builder-column-3 fusion_builder_column_1_1 1_1 fusion-flex-column\" style=\"--awb-bg-size:cover;--awb-width-large:100%;--awb-margin-top-large:0px;--awb-spacing-right-large:1.92%;--awb-margin-bottom-large:20px;--awb-spacing-left-large:1.92%;--awb-width-medium:100%;--awb-order-medium:0;--awb-spacing-right-medium:1.92%;--awb-spacing-left-medium:1.92%;--awb-width-small:100%;--awb-order-small:0;--awb-spacing-right-small:1.92%;--awb-spacing-left-small:1.92%;\"><div class=\"fusion-column-wrapper fusion-column-has-shadow fusion-flex-justify-content-flex-start fusion-content-layout-column\"><!-- FORM PER LUCIANO SUNSET APARTMENT -->\n<link rel=\"stylesheet\" href=\"https:\/\/cdnjs.cloudflare.com\/ajax\/libs\/flatpickr\/4.6.13\/flatpickr.min.css\">\n<script src=\"https:\/\/cdnjs.cloudflare.com\/ajax\/libs\/flatpickr\/4.6.13\/flatpickr.min.js\"><\/script>\n<link rel=\"stylesheet\" href=\"https:\/\/cdnjs.cloudflare.com\/ajax\/libs\/intl-tel-input\/17.0.8\/css\/intlTelInput.min.css\">\n<script src=\"https:\/\/cdnjs.cloudflare.com\/ajax\/libs\/intl-tel-input\/17.0.8\/js\/intlTelInput.min.js\"><\/script><\/p>\n<style>\n#booking-form {\n  max-width: 100%;\n  background: #fff;\n  padding: 40px;\n  border-radius: 12px;\n  box-shadow: 0 0 10px rgba(0,0,0,0.1);\n  font-family: 'Poppins', sans-serif;\n}\n.form-wrapper {\n  display: flex;\n  flex-wrap: wrap;\n  gap: 20px;\n}\n.calendar-section,\n.fields-section {\n  flex: 1;\n  min-width: 300px;\n}\n.form-row {\n  display: flex;\n  gap: 20px;\n  flex-wrap: wrap;\n}\ninput, textarea, button {\n  width: 100%;\n  padding: 12px;\n  border: 1px solid #ccc;\n  border-radius: 8px;\n  font-size: 16px;\n}\ntextarea {\n  resize: vertical;\n}\nbutton {\n  background-color: #006b6b;\n  color: white;\n  border: none;\n  font-weight: bold;\n  cursor: pointer;\n  padding: 15px;\n  border-radius: 8px;\n  transition: background 0.3s ease;\n}\nbutton:hover {\n  background-color: #004f4f;\n}\n@media (max-width: 768px) {\n  .form-wrapper {\n    flex-direction: column;\n  }\n}\n.iti {\n  width: 100%;\n}\n<\/style>\n<form id=\"booking-form\" onsubmit=\"submitForm(event)\">\n<div class=\"form-wrapper\">\n<div class=\"calendar-section\">\n      <label>Selecciona las fechas:<\/label><br \/>\n      <input type=\"text\" id=\"date-range\" name=\"dates\" placeholder=\"Registro de entrada - Registro de salida\" required=\"\">\n    <\/div>\n<div class=\"fields-section\">\n<div class=\"form-row\">\n        <input type=\"text\" name=\"nome\" placeholder=\"Nombre\" required=\"\"><br \/>\n        <input type=\"text\" name=\"cognome\" placeholder=\"Apellido\">\n      <\/div>\n<div class=\"form-row\">\n        <input type=\"email\" name=\"email\" placeholder=\"Env\u00eda un correo electr\u00f3nico a\" required=\"\">\n      <\/div>\n<div class=\"form-row\">\n        <input id=\"telefono\" name=\"telefono\" type=\"tel\" placeholder=\"Tel\u00e9fono\" required=\"\">\n      <\/div>\n<div class=\"form-row\">\n        <textarea name=\"dettagli\" placeholder=\"Detalles adicionales\"><\/textarea>\n      <\/div>\n<div class=\"form-row\">\n        <input type=\"text\" name=\"carta\" placeholder=\"N\u00famero de tarjeta de cr\u00e9dito\" required=\"\"><br \/>\n        <input type=\"text\" name=\"scadenza\" placeholder=\"MM\/AA\" required=\"\"><br \/>\n        <input type=\"text\" name=\"cvv\" placeholder=\"CVV\" required=\"\">\n      <\/div>\n<p>      <input type=\"hidden\" name=\"struttura\" value=\"Luciano Sunset Apartment\"><br \/>\n      <button type=\"submit\">Enviar solicitud<\/button>\n    <\/div>\n<\/p><\/div>\n<\/form>\n<p><script>\nflatpickr(\"#date-range\", {\n  mode: \"range\",\n  minDate: \"today\",\n  dateFormat: \"d\/m\/Y\"\n});\nconst input = document.querySelector(\"#telefono\");\nif (window.intlTelInput) {\n  intlTelInput(input, {\n    initialCountry: \"it\",\n    utilsScript: \"https:\/\/cdnjs.cloudflare.com\/ajax\/libs\/intl-tel-input\/17.0.8\/js\/utils.js\"\n  });\n}\nfunction submitForm(event) {\n  event.preventDefault();\n  const formData = new FormData(document.getElementById(\"booking-form\"));\n  const entries = [...formData.entries()].map(([k, v]) => `${k}: ${v}`).join(\"\\\\n\");\n  const mailtoLink = `mailto:info@lucianoguesthouse.com?subject=Prenotazione Luciano Sunset Apartment&body=${encodeURIComponent(entries)}`;\n  window.location.href = mailtoLink;\n}\n<\/script><\/p>\n<\/div><\/div><\/div><\/div><\/p>\n","protected":false},"excerpt":{"rendered":"","protected":false},"author":218857602,"featured_media":0,"parent":0,"menu_order":0,"comment_status":"closed","ping_status":"closed","template":"","meta":{"_crdt_document":"","advanced_seo_description":"","jetpack_seo_html_title":"","jetpack_seo_noindex":false,"jetpack_post_was_ever_published":false,"footnotes":""},"class_list":["post-2773","page","type-page","status-publish","hentry"],"jetpack_likes_enabled":true,"jetpack_sharing_enabled":true,"jetpack_shortlink":"https:\/\/wp.me\/PdPbV9-IJ","jetpack-related-posts":[],"_links":{"self":[{"href":"https:\/\/lucianoguesthouse.com\/es\/wp-json\/wp\/v2\/pages\/2773","targetHints":{"allow":["GET"]}}],"collection":[{"href":"https:\/\/lucianoguesthouse.com\/es\/wp-json\/wp\/v2\/pages"}],"about":[{"href":"https:\/\/lucianoguesthouse.com\/es\/wp-json\/wp\/v2\/types\/page"}],"author":[{"embeddable":true,"href":"https:\/\/lucianoguesthouse.com\/es\/wp-json\/wp\/v2\/users\/218857602"}],"replies":[{"embeddable":true,"href":"https:\/\/lucianoguesthouse.com\/es\/wp-json\/wp\/v2\/comments?post=2773"}],"version-history":[{"count":2,"href":"https:\/\/lucianoguesthouse.com\/es\/wp-json\/wp\/v2\/pages\/2773\/revisions"}],"predecessor-version":[{"id":2776,"href":"https:\/\/lucianoguesthouse.com\/es\/wp-json\/wp\/v2\/pages\/2773\/revisions\/2776"}],"wp:attachment":[{"href":"https:\/\/lucianoguesthouse.com\/es\/wp-json\/wp\/v2\/media?parent=2773"}],"curies":[{"name":"wp","href":"https:\/\/api.w.org\/{rel}","templated":true}]}}